{"id":1238,"date":"2012-05-11T13:24:58","date_gmt":"2012-05-11T13:24:58","guid":{"rendered":"http:\/\/jbo-ahaus.de\/wordpress\/?page_id=1238"},"modified":"2025-02-22T16:31:39","modified_gmt":"2025-02-22T15:31:39","slug":"forderverein","status":"publish","type":"page","link":"https:\/\/www.musikverein-ahaus.de\/de_de\/forderverein\/","title":{"rendered":"F\u00f6rderverein"},"content":{"rendered":"<h1 align=\"center\">\u00a0 <span style=\"color: #000000;\"><strong>der Musik- und <\/strong><\/span><\/h1>\n<h1 align=\"center\"><span style=\"color: #000000;\"><strong>F\u00f6rderverein Ahaus 1975 e.V.<\/strong><\/span><\/h1>\n<h1 align=\"center\"><span style=\"color: #000000;\"><strong>&#8230;..mit Tradition in die Zukunft<\/strong><\/span><\/h1>\n<p align=\"center\">\u00a0wichtigte Aufgaben und Ziele sind:<\/p>\n<p style=\"text-align: justify;\">die Tradition, Gegenwart und Zukunft des aktiven Musiklebens zu pflegen, zu f\u00f6rdern und weiterzuf\u00fchren.<\/p>\n<p style=\"text-align: justify;\">Kindern und Jugendlichen m\u00f6glichst fr\u00fchzeitig eine fundierte musikalische Ausbildung zukommen zu lassen und ihnen eine weltoffene Gemeinschaft zu bieten, in der Freir\u00e4ume f\u00fcr Kreativit\u00e4t vorhanden und erw\u00fcnscht sind!<\/p>\n<p style=\"text-align: justify;\">Kindern und Jugendlichen mit viel Spa\u00df und guter Laune, ein st\u00e4rkeres Selbstbewusstsein zu vermitteln, ihr soziales Engagement zu f\u00f6rdern und ihr Verantwortungsbewusstsein zu sensibilisieren.<\/p>\n<p style=\"text-align: justify;\">Eine kulturelle, soziale Gemeinschaft zu sein die best\u00e4ndig und attraktiv ist &#8211; und bleibt!<\/p>\n<p style=\"text-align: justify;\">Mit der musikalischen und au\u00dfermusikalischen Jugendarbeit einen wichtigen und stabilen Eckpfeiler des \u00fcber f\u00fcnfzigj\u00e4hrigen Vereins zu erhalten und weiter auszubauen.<\/p>\n","protected":false},"excerpt":{"rendered":"<p>\u00a0 der Musik- und F\u00f6rderverein Ahaus 1975 e.V. &#8230;..mit Tradition in die Zukunft \u00a0wichtigte Aufgaben und Ziele sind: die Tradition, Gegenwart und Zukunft des aktiven Musiklebens zu pflegen, zu f\u00f6rdern und weiterzuf\u00fchren. Kindern und Jugendlichen m\u00f6glichst fr\u00fchzeitig eine fundierte musikalische Ausbildung zukommen zu lassen und ihnen eine weltoffene Gemeinschaft zu bieten, in der Freir\u00e4ume f\u00fcr<a href=\"https:\/\/www.musikverein-ahaus.de\/de_de\/forderverein\/\" class=\"read-more\">&nbsp; Continue Reading &raquo;<\/a><\/p>\n","protected":false},"author":7,"featured_media":0,"parent":0,"menu_order":0,"comment_status":"closed","ping_status":"closed","template":"","meta":{"footnotes":""},"class_list":["post-1238","page","type-page","status-publish","hentry"],"_links":{"self":[{"href":"https:\/\/www.musikverein-ahaus.de\/de_de\/wp-json\/wp\/v2\/pages\/1238","targetHints":{"allow":["GET"]}}],"collection":[{"href":"https:\/\/www.musikverein-ahaus.de\/de_de\/wp-json\/wp\/v2\/pages"}],"about":[{"href":"https:\/\/www.musikverein-ahaus.de\/de_de\/wp-json\/wp\/v2\/types\/page"}],"author":[{"embeddable":true,"href":"https:\/\/www.musikverein-ahaus.de\/de_de\/wp-json\/wp\/v2\/users\/7"}],"replies":[{"embeddable":true,"href":"https:\/\/www.musikverein-ahaus.de\/de_de\/wp-json\/wp\/v2\/comments?post=1238"}],"version-history":[{"count":13,"href":"https:\/\/www.musikverein-ahaus.de\/de_de\/wp-json\/wp\/v2\/pages\/1238\/revisions"}],"predecessor-version":[{"id":6057,"href":"https:\/\/www.musikverein-ahaus.de\/de_de\/wp-json\/wp\/v2\/pages\/1238\/revisions\/6057"}],"wp:attachment":[{"href":"https:\/\/www.musikverein-ahaus.de\/de_de\/wp-json\/wp\/v2\/media?parent=1238"}],"curies":[{"name":"wp","href":"https:\/\/api.w.org\/{rel}","templated":true}]}}